{"id":2502,"date":"2024-06-10T21:04:44","date_gmt":"2024-06-10T21:04:44","guid":{"rendered":"https:\/\/www.notabane-parfums.com\/paiement-securise-2\/"},"modified":"2024-07-25T15:44:52","modified_gmt":"2024-07-25T15:44:52","slug":"moyens-de-paiement","status":"publish","type":"page","link":"https:\/\/www.notabane-parfums.com\/en\/moyens-de-paiement\/","title":{"rendered":"Payment methods"},"content":{"rendered":"<div data-elementor-type=\"wp-page\" data-elementor-id=\"2502\" class=\"elementor elementor-2502\">\n\t\t\t\t<div class=\"elementor-element elementor-element-9073580 e-flex e-con-boxed wpr-particle-no wpr-jarallax-no wpr-parallax-no wpr-sticky-section-no wpr-equal-height-no e-con e-parent\" data-id=\"9073580\" data-element_type=\"container\" data-e-type=\"container\">\n\t\t\t\t\t<div class=\"e-con-inner\">\n\t\t\t\t<div class=\"elementor-element elementor-element-d0133f6 elementor-widget elementor-widget-heading\" data-id=\"d0133f6\" data-element_type=\"widget\" data-e-type=\"widget\" data-widget_type=\"heading.default\">\n\t\t\t\t<div class=\"elementor-widget-container\">\n\t\t\t\t\t<h2 class=\"elementor-heading-title elementor-size-default\">PAYMENT METHODS<\/h2>\t\t\t\t<\/div>\n\t\t\t\t<\/div>\n\t\t\t\t\t<\/div>\n\t\t\t\t<\/div>\n\t\t<div class=\"elementor-element elementor-element-ee54998 e-flex e-con-boxed wpr-particle-no wpr-jarallax-no wpr-parallax-no wpr-sticky-section-no wpr-equal-height-no e-con e-parent\" data-id=\"ee54998\" data-element_type=\"container\" data-e-type=\"container\">\n\t\t\t\t\t<div class=\"e-con-inner\">\n\t\t\t\t<div class=\"elementor-element elementor-element-ec75c86 elementor-widget elementor-widget-text-editor\" data-id=\"ec75c86\" data-element_type=\"widget\" data-e-type=\"widget\" data-widget_type=\"text-editor.default\">\n\t\t\t\t<div class=\"elementor-widget-container\">\n\t\t\t\t\t\t\t\t\t<h4 style=\"text-align: center;\">DEBIT\/CREDIT CARDS<\/h4><p style=\"text-align: justify;\">\u00a0<\/p><p style=\"text-align: justify;\">We accept major credit and debit cards:<\/p><ul style=\"text-align: justify;\"><li style=\"text-align: justify;\">Visa<\/li><li style=\"text-align: justify;\">MasterCard<\/li><li style=\"text-align: justify;\">American Express<\/li><li style=\"text-align: justify;\">CB<\/li><\/ul><p style=\"text-align: justify;\">Your card information is processed through a secure payment gateway that uses SSL encryption to ensure your data is protected.<\/p><p style=\"text-align: justify;\">\u00a0<\/p><h4 style=\"text-align: center;\">E-WALLETS<\/h4><p style=\"text-align: justify;\">\u00a0<\/p><p style=\"text-align: justify;\">For added convenience we also accept payments via the most popular e-wallets:<\/p><ul><li style=\"text-align: justify;\">Paypal<\/li><li style=\"text-align: justify;\">Apple Pay<\/li><li style=\"text-align: justify;\">Google Pay<\/li><\/ul><p style=\"text-align: justify;\">These options allow for quick and secure payment without having to enter your credit card information.<\/p><p style=\"text-align: justify;\">\u00a0<\/p><h4 style=\"text-align: center;\">MOBILE MONEY<\/h4><p>\u00a0<\/p><p style=\"text-align: justify;\">To facilitate transactions in Africa, we also accept payments via the most reliable and secure mobile wallets:<\/p><ul><li style=\"text-align: justify;\">Wave<\/li><li style=\"text-align: justify;\">Free Money<\/li><li style=\"text-align: justify;\">Orange Money<\/li><\/ul><p style=\"text-align: justify;\">These options allow for quick and secure payment without having to enter your credit card information.<\/p>\t\t\t\t\t\t\t\t<\/div>\n\t\t\t\t<\/div>\n\t\t\t\t<div class=\"elementor-element elementor-element-6878592 elementor-widget elementor-widget-heading\" data-id=\"6878592\" data-element_type=\"widget\" data-e-type=\"widget\" data-widget_type=\"heading.default\">\n\t\t\t\t<div class=\"elementor-widget-container\">\n\t\t\t\t\t<h2 class=\"elementor-heading-title elementor-size-default\">PAYMENT IN INSTALLMENTS<\/h2>\t\t\t\t<\/div>\n\t\t\t\t<\/div>\n\t\t\t\t<div class=\"elementor-element elementor-element-a7c6df1 elementor-widget elementor-widget-text-editor\" data-id=\"a7c6df1\" data-element_type=\"widget\" data-e-type=\"widget\" data-widget_type=\"text-editor.default\">\n\t\t\t\t<div class=\"elementor-widget-container\">\n\t\t\t\t\t\t\t\t\t<p style=\"text-align: justify;\">We offer a payment solution in several installments, at no additional cost, via PayPal. This option allows you to spread the cost of your purchase over several months. Details and terms will be displayed at checkout.<\/p>\t\t\t\t\t\t\t\t<\/div>\n\t\t\t\t<\/div>\n\t\t\t\t\t<\/div>\n\t\t\t\t<\/div>\n\t\t\t\t<\/div>\n\t\t\n    <div class=\"xs_social_share_widget xs_share_url after_content \t\tmain_content  wslu-style-1 wslu-share-box-shaped wslu-fill-colored wslu-none wslu-share-horizontal wslu-theme-font-no wslu-main_content\">\n\n\t\t\n        <ul>\n\t\t\t        <\/ul>\n    <\/div>","protected":false},"excerpt":{"rendered":"<p>M\u00c9THODES DE PAIEMENT CARTES DE D\u00c9BIT\/CR\u00c9DIT \u00a0 Nous acceptons les principales cartes de cr\u00e9dit et de d\u00e9bit : Visa MasterCard American Express CB Vos informations de carte sont trait\u00e9es via une passerelle de paiement s\u00e9curis\u00e9e qui utilise un cryptage SSL pour garantir la protection de vos donn\u00e9es. \u00a0 PORTEFEUILLES \u00c9LECTRONIQUES \u00a0 Pour une commodit\u00e9 accrue nous acceptons \u00e9galement les paiements via les portefeuilles \u00e9lectroniques les plus populaires : Paypal Apple Pay Google Pay Ces options permettent un paiement rapide et s\u00e9curis\u00e9 sans avoir \u00e0 saisir vos informations de carte de cr\u00e9dit. \u00a0 MOBILE MONEY \u00a0 Pour faciliter les transactions en Afrique, nous acceptons aussi les paiements via les portefeuilles mobiles les plus fiables et s\u00e9curis\u00e9s : Wave Free Money Orange Money Ces options permettent un paiement rapide et s\u00e9curis\u00e9 sans avoir \u00e0 saisir vos informations de carte de cr\u00e9dit. PAIEMENT EN PLUSIEURS FOIS Nous proposons une solution de paiement en plusieurs fois, sans frais suppl\u00e9mentaires, via PayPal. Cette option vous permet d&rsquo;\u00e9taler le co\u00fbt de votre achat sur plusieurs mois. Les d\u00e9tails et les conditions s&rsquo;afficheront au moment du paiement.<\/p>","protected":false},"author":1,"featured_media":0,"parent":0,"menu_order":0,"comment_status":"closed","ping_status":"closed","template":"","meta":{"ocean_post_layout":"","ocean_both_sidebars_style":"","ocean_both_sidebars_content_width":0,"ocean_both_sidebars_sidebars_width":0,"ocean_sidebar":"","ocean_second_sidebar":"","ocean_disable_margins":"enable","ocean_add_body_class":"","ocean_shortcode_before_top_bar":"","ocean_shortcode_after_top_bar":"","ocean_shortcode_before_header":"","ocean_shortcode_after_header":"","ocean_has_shortcode":"","ocean_shortcode_after_title":"","ocean_shortcode_before_footer_widgets":"","ocean_shortcode_after_footer_widgets":"","ocean_shortcode_before_footer_bottom":"","ocean_shortcode_after_footer_bottom":"","ocean_display_top_bar":"default","ocean_display_header":"default","ocean_header_style":"","ocean_center_header_left_menu":"","ocean_custom_header_template":"","ocean_custom_logo":0,"ocean_custom_retina_logo":0,"ocean_custom_logo_max_width":0,"ocean_custom_logo_tablet_max_width":0,"ocean_custom_logo_mobile_max_width":0,"ocean_custom_logo_max_height":0,"ocean_custom_logo_tablet_max_height":0,"ocean_custom_logo_mobile_max_height":0,"ocean_header_custom_menu":"","ocean_menu_typo_font_family":"","ocean_menu_typo_font_subset":"","ocean_menu_typo_font_size":0,"ocean_menu_typo_font_size_tablet":0,"ocean_menu_typo_font_size_mobile":0,"ocean_menu_typo_font_size_unit":"px","ocean_menu_typo_font_weight":"","ocean_menu_typo_font_weight_tablet":"","ocean_menu_typo_font_weight_mobile":"","ocean_menu_typo_transform":"","ocean_menu_typo_transform_tablet":"","ocean_menu_typo_transform_mobile":"","ocean_menu_typo_line_height":0,"ocean_menu_typo_line_height_tablet":0,"ocean_menu_typo_line_height_mobile":0,"ocean_menu_typo_line_height_unit":"","ocean_menu_typo_spacing":0,"ocean_menu_typo_spacing_tablet":0,"ocean_menu_typo_spacing_mobile":0,"ocean_menu_typo_spacing_unit":"","ocean_menu_link_color":"","ocean_menu_link_color_hover":"","ocean_menu_link_color_active":"","ocean_menu_link_background":"","ocean_menu_link_hover_background":"","ocean_menu_link_active_background":"","ocean_menu_social_links_bg":"","ocean_menu_social_hover_links_bg":"","ocean_menu_social_links_color":"","ocean_menu_social_hover_links_color":"","ocean_disable_title":"default","ocean_disable_heading":"default","ocean_post_title":"","ocean_post_subheading":"","ocean_post_title_style":"","ocean_post_title_background_color":"","ocean_post_title_background":0,"ocean_post_title_bg_image_position":"","ocean_post_title_bg_image_attachment":"","ocean_post_title_bg_image_repeat":"","ocean_post_title_bg_image_size":"","ocean_post_title_height":0,"ocean_post_title_bg_overlay":0.5,"ocean_post_title_bg_overlay_color":"","ocean_disable_breadcrumbs":"default","ocean_breadcrumbs_color":"","ocean_breadcrumbs_separator_color":"","ocean_breadcrumbs_links_color":"","ocean_breadcrumbs_links_hover_color":"","ocean_display_footer_widgets":"default","ocean_display_footer_bottom":"default","ocean_custom_footer_template":"","footnotes":""},"class_list":["post-2502","page","type-page","status-publish","hentry","entry","owp-thumbs-layout-horizontal","owp-btn-normal","owp-tabs-layout-horizontal","has-no-thumbnails","has-product-nav"],"yoast_head":"<!-- This site is optimized with the Yoast SEO plugin v27.4 - https:\/\/yoast.com\/product\/yoast-seo-wordpress\/ -->\n<title>M\u00e9thodes de paiement - NotaBan\u00e9 Parfums<\/title>\n<meta name=\"description\" content=\"Les diff\u00e9rentes m\u00e9thodes de paiement du site internet NotaBan\u00e9 Parfums ainsi que du magasin de Dakar au S\u00e9n\u00e9gal.\" \/>\n<meta name=\"robots\" content=\"index, follow, max-snippet:-1, max-image-preview:large, max-video-preview:-1\" \/>\n<link rel=\"canonical\" href=\"https:\/\/www.notabane-parfums.com\/en\/moyens-de-paiement\/\" \/>\n<meta property=\"og:locale\" content=\"en_GB\" \/>\n<meta property=\"og:type\" content=\"article\" \/>\n<meta property=\"og:title\" content=\"M\u00e9thodes de paiement - NotaBan\u00e9 Parfums\" \/>\n<meta property=\"og:description\" content=\"Les diff\u00e9rentes m\u00e9thodes de paiement du site internet NotaBan\u00e9 Parfums ainsi que du magasin de Dakar au S\u00e9n\u00e9gal.\" \/>\n<meta property=\"og:url\" content=\"https:\/\/www.notabane-parfums.com\/en\/moyens-de-paiement\/\" \/>\n<meta property=\"og:site_name\" content=\"NotaBan\u00e9 Parfums\" \/>\n<meta property=\"article:publisher\" content=\"https:\/\/www.facebook.com\/profile.php?id=61558006292121\" \/>\n<meta property=\"article:modified_time\" content=\"2024-07-25T15:44:52+00:00\" \/>\n<meta name=\"twitter:card\" content=\"summary_large_image\" \/>\n<meta name=\"twitter:label1\" content=\"Estimated reading time\" \/>\n\t<meta name=\"twitter:data1\" content=\"1 minute\" \/>\n<script type=\"application\/ld+json\" class=\"yoast-schema-graph\">{\"@context\":\"https:\\\/\\\/schema.org\",\"@graph\":[{\"@type\":\"WebPage\",\"@id\":\"https:\\\/\\\/www.notabane-parfums.com\\\/moyens-de-paiement\\\/\",\"url\":\"https:\\\/\\\/www.notabane-parfums.com\\\/moyens-de-paiement\\\/\",\"name\":\"M\u00e9thodes de paiement - NotaBan\u00e9 Parfums\",\"isPartOf\":{\"@id\":\"https:\\\/\\\/www.notabane-parfums.com\\\/#website\"},\"datePublished\":\"2024-06-10T21:04:44+00:00\",\"dateModified\":\"2024-07-25T15:44:52+00:00\",\"description\":\"Les diff\u00e9rentes m\u00e9thodes de paiement du site internet NotaBan\u00e9 Parfums ainsi que du magasin de Dakar au S\u00e9n\u00e9gal.\",\"breadcrumb\":{\"@id\":\"https:\\\/\\\/www.notabane-parfums.com\\\/moyens-de-paiement\\\/#breadcrumb\"},\"inLanguage\":\"en-GB\",\"potentialAction\":[{\"@type\":\"ReadAction\",\"target\":[\"https:\\\/\\\/www.notabane-parfums.com\\\/moyens-de-paiement\\\/\"]}]},{\"@type\":\"BreadcrumbList\",\"@id\":\"https:\\\/\\\/www.notabane-parfums.com\\\/moyens-de-paiement\\\/#breadcrumb\",\"itemListElement\":[{\"@type\":\"ListItem\",\"position\":1,\"name\":\"Accueil\",\"item\":\"https:\\\/\\\/www.notabane-parfums.com\\\/\"},{\"@type\":\"ListItem\",\"position\":2,\"name\":\"M\u00e9thodes de paiement\"}]},{\"@type\":\"WebSite\",\"@id\":\"https:\\\/\\\/www.notabane-parfums.com\\\/#website\",\"url\":\"https:\\\/\\\/www.notabane-parfums.com\\\/\",\"name\":\"NotaBan\u00e9 Parfums\",\"description\":\"Parfums d&#039;Exception inspir\u00e9s d&#039;Afrique\",\"publisher\":{\"@id\":\"https:\\\/\\\/www.notabane-parfums.com\\\/#organization\"},\"potentialAction\":[{\"@type\":\"SearchAction\",\"target\":{\"@type\":\"EntryPoint\",\"urlTemplate\":\"https:\\\/\\\/www.notabane-parfums.com\\\/?s={search_term_string}\"},\"query-input\":{\"@type\":\"PropertyValueSpecification\",\"valueRequired\":true,\"valueName\":\"search_term_string\"}}],\"inLanguage\":\"en-GB\"},{\"@type\":\"Organization\",\"@id\":\"https:\\\/\\\/www.notabane-parfums.com\\\/#organization\",\"name\":\"NotaBan\u00e9 Parfums\",\"url\":\"https:\\\/\\\/www.notabane-parfums.com\\\/\",\"logo\":{\"@type\":\"ImageObject\",\"inLanguage\":\"en-GB\",\"@id\":\"https:\\\/\\\/www.notabane-parfums.com\\\/#\\\/schema\\\/logo\\\/image\\\/\",\"url\":\"https:\\\/\\\/www.notabane-parfums.com\\\/wp-content\\\/uploads\\\/2024\\\/06\\\/cropped-LOGO-NOTABANE-2.png\",\"contentUrl\":\"https:\\\/\\\/www.notabane-parfums.com\\\/wp-content\\\/uploads\\\/2024\\\/06\\\/cropped-LOGO-NOTABANE-2.png\",\"width\":2197,\"height\":571,\"caption\":\"NotaBan\u00e9 Parfums\"},\"image\":{\"@id\":\"https:\\\/\\\/www.notabane-parfums.com\\\/#\\\/schema\\\/logo\\\/image\\\/\"},\"sameAs\":[\"https:\\\/\\\/www.facebook.com\\\/profile.php?id=61558006292121\"]}]}<\/script>\n<!-- \/ Yoast SEO plugin. -->","yoast_head_json":{"title":"M\u00e9thodes de paiement - NotaBan\u00e9 Parfums","description":"Les diff\u00e9rentes m\u00e9thodes de paiement du site internet NotaBan\u00e9 Parfums ainsi que du magasin de Dakar au S\u00e9n\u00e9gal.","robots":{"index":"index","follow":"follow","max-snippet":"max-snippet:-1","max-image-preview":"max-image-preview:large","max-video-preview":"max-video-preview:-1"},"canonical":"https:\/\/www.notabane-parfums.com\/en\/moyens-de-paiement\/","og_locale":"en_GB","og_type":"article","og_title":"M\u00e9thodes de paiement - NotaBan\u00e9 Parfums","og_description":"Les diff\u00e9rentes m\u00e9thodes de paiement du site internet NotaBan\u00e9 Parfums ainsi que du magasin de Dakar au S\u00e9n\u00e9gal.","og_url":"https:\/\/www.notabane-parfums.com\/en\/moyens-de-paiement\/","og_site_name":"NotaBan\u00e9 Parfums","article_publisher":"https:\/\/www.facebook.com\/profile.php?id=61558006292121","article_modified_time":"2024-07-25T15:44:52+00:00","twitter_card":"summary_large_image","twitter_misc":{"Estimated reading time":"1 minute"},"schema":{"@context":"https:\/\/schema.org","@graph":[{"@type":"WebPage","@id":"https:\/\/www.notabane-parfums.com\/moyens-de-paiement\/","url":"https:\/\/www.notabane-parfums.com\/moyens-de-paiement\/","name":"M\u00e9thodes de paiement - NotaBan\u00e9 Parfums","isPartOf":{"@id":"https:\/\/www.notabane-parfums.com\/#website"},"datePublished":"2024-06-10T21:04:44+00:00","dateModified":"2024-07-25T15:44:52+00:00","description":"Les diff\u00e9rentes m\u00e9thodes de paiement du site internet NotaBan\u00e9 Parfums ainsi que du magasin de Dakar au S\u00e9n\u00e9gal.","breadcrumb":{"@id":"https:\/\/www.notabane-parfums.com\/moyens-de-paiement\/#breadcrumb"},"inLanguage":"en-GB","potentialAction":[{"@type":"ReadAction","target":["https:\/\/www.notabane-parfums.com\/moyens-de-paiement\/"]}]},{"@type":"BreadcrumbList","@id":"https:\/\/www.notabane-parfums.com\/moyens-de-paiement\/#breadcrumb","itemListElement":[{"@type":"ListItem","position":1,"name":"Accueil","item":"https:\/\/www.notabane-parfums.com\/"},{"@type":"ListItem","position":2,"name":"M\u00e9thodes de paiement"}]},{"@type":"WebSite","@id":"https:\/\/www.notabane-parfums.com\/#website","url":"https:\/\/www.notabane-parfums.com\/","name":"NotaBan\u00e9 Parfums","description":"Parfums d&#039;Exception inspir\u00e9s d&#039;Afrique","publisher":{"@id":"https:\/\/www.notabane-parfums.com\/#organization"},"potentialAction":[{"@type":"SearchAction","target":{"@type":"EntryPoint","urlTemplate":"https:\/\/www.notabane-parfums.com\/?s={search_term_string}"},"query-input":{"@type":"PropertyValueSpecification","valueRequired":true,"valueName":"search_term_string"}}],"inLanguage":"en-GB"},{"@type":"Organization","@id":"https:\/\/www.notabane-parfums.com\/#organization","name":"NotaBan\u00e9 Parfums","url":"https:\/\/www.notabane-parfums.com\/","logo":{"@type":"ImageObject","inLanguage":"en-GB","@id":"https:\/\/www.notabane-parfums.com\/#\/schema\/logo\/image\/","url":"https:\/\/www.notabane-parfums.com\/wp-content\/uploads\/2024\/06\/cropped-LOGO-NOTABANE-2.png","contentUrl":"https:\/\/www.notabane-parfums.com\/wp-content\/uploads\/2024\/06\/cropped-LOGO-NOTABANE-2.png","width":2197,"height":571,"caption":"NotaBan\u00e9 Parfums"},"image":{"@id":"https:\/\/www.notabane-parfums.com\/#\/schema\/logo\/image\/"},"sameAs":["https:\/\/www.facebook.com\/profile.php?id=61558006292121"]}]}},"_links":{"self":[{"href":"https:\/\/www.notabane-parfums.com\/en\/wp-json\/wp\/v2\/pages\/2502","targetHints":{"allow":["GET"]}}],"collection":[{"href":"https:\/\/www.notabane-parfums.com\/en\/wp-json\/wp\/v2\/pages"}],"about":[{"href":"https:\/\/www.notabane-parfums.com\/en\/wp-json\/wp\/v2\/types\/page"}],"author":[{"embeddable":true,"href":"https:\/\/www.notabane-parfums.com\/en\/wp-json\/wp\/v2\/users\/1"}],"replies":[{"embeddable":true,"href":"https:\/\/www.notabane-parfums.com\/en\/wp-json\/wp\/v2\/comments?post=2502"}],"version-history":[{"count":0,"href":"https:\/\/www.notabane-parfums.com\/en\/wp-json\/wp\/v2\/pages\/2502\/revisions"}],"wp:attachment":[{"href":"https:\/\/www.notabane-parfums.com\/en\/wp-json\/wp\/v2\/media?parent=2502"}],"curies":[{"name":"wp","href":"https:\/\/api.w.org\/{rel}","templated":true}]}}