{"id":444,"date":"2024-06-11T04:12:26","date_gmt":"2024-06-11T04:12:26","guid":{"rendered":"https:\/\/www.sc1lede2498.universe.wf\/?page_id=444"},"modified":"2025-09-16T18:56:36","modified_gmt":"2025-09-16T18:56:36","slug":"mentions-legales","status":"publish","type":"page","link":"https:\/\/www.notabane-parfums.com\/en\/mentions-legales\/","title":{"rendered":"Legal notice"},"content":{"rendered":"<div data-elementor-type=\"wp-page\" data-elementor-id=\"444\" class=\"elementor elementor-444\">\n\t\t\t\t<div class=\"elementor-element elementor-element-30f4b4a9 e-flex e-con-boxed wpr-particle-no wpr-jarallax-no wpr-parallax-no wpr-sticky-section-no wpr-equal-height-no e-con e-parent\" data-id=\"30f4b4a9\" data-element_type=\"container\" data-e-type=\"container\">\n\t\t\t\t\t<div class=\"e-con-inner\">\n\t\t\t\t<div class=\"elementor-element elementor-element-293f47c elementor-widget elementor-widget-heading\" data-id=\"293f47c\" data-element_type=\"widget\" data-e-type=\"widget\" data-widget_type=\"heading.default\">\n\t\t\t\t<div class=\"elementor-widget-container\">\n\t\t\t\t\t<h2 class=\"elementor-heading-title elementor-size-default\">LEGAL NOTICE<\/h2>\t\t\t\t<\/div>\n\t\t\t\t<\/div>\n\t\t\t\t<div class=\"elementor-element elementor-element-6bf5303a elementor-widget elementor-widget-text-editor\" data-id=\"6bf5303a\" data-element_type=\"widget\" data-e-type=\"widget\" data-widget_type=\"text-editor.default\">\n\t\t\t\t<div class=\"elementor-widget-container\">\n\t\t\t\t\t\t\t\t\t<p style=\"text-align: justify;\">SAS Odorem Villa 25 3\u00e8me \u00e9tage SCAT Urbam \u2013 Dakar,<\/p><p style=\"text-align: justify;\">Capital of 1000000 CFA<\/p><p style=\"text-align: justify;\">RCS Dakar SN DKR 2023B52037<\/p><p style=\"text-align: justify;\">Phone : +221 77 748 92 92<\/p><p style=\"text-align: justify;\">Email : <a href=\"https:\/\/www.notabane-parfums.com\/en\/contact-us\/\">Formulaire de Contact<\/a><\/p><p style=\"text-align: justify;\">Intra-community VAT number: 010840636 2R5<\/p><p style=\"text-align: justify;\">Publication Director: Mde Thian\u00e9 Ba<\/p><p>\u00a0<\/p><p style=\"text-align: justify;\">Website hosted by: <a href=\"https:\/\/www.o2switch.fr\/\" target=\"_blank\" rel=\"noopener\">o2switch<\/a><\/p><p style=\"text-align: justify;\">Telecom Operator declared ARCEP 09\/2989 \u2013 AS50474<\/p><p style=\"text-align: justify;\">Registered trademark INPI: 09 3 645 279<\/p><p style=\"text-align: justify;\">Head office: Clermont Ferrand \u2013 France<\/p><p style=\"text-align: justify;\">Email : commercial@o2switch.fr<\/p><p>\u00a0<\/p><p style=\"text-align: justify;\">Site Internet cr\u00e9\u00e9 par NotaBan\u00e9 Parfums<\/p><p>\u00a0<\/p><p style=\"text-align: justify;\">General conditions of use of the site<\/p><p style=\"text-align: justify;\">The use of this site is subject to the General Conditions of Sale.<\/p><p style=\"text-align: justify;\">Before using the site, we recommend that you read them carefully.<\/p><p style=\"text-align: justify;\">Taking into account possible developments on the site, SAS Odorem reserves the right to modify its general conditions of sale at any time. The new General Conditions of Sale will be available online on the NotaBan\u00e9 Parfums website and will be applicable as soon as they are put online. It is up to the customer to check the existence of new clauses in the General Conditions of Sale at each new connection.<\/p><p>\u00a0<\/p><p style=\"text-align: justify;\">Customer Service is at your disposal: SAS Odorem \u2013 NotaBan\u00e9 Parfums Customer Relations Department<\/p>\t\t\t\t\t\t\t\t<\/div>\n\t\t\t\t<\/div>\n\t\t\t\t\t<\/div>\n\t\t\t\t<\/div>\n\t\t\t\t<\/div>\n\t\t\n    <div class=\"xs_social_share_widget xs_share_url after_content \t\tmain_content  wslu-style-1 wslu-share-box-shaped wslu-fill-colored wslu-none wslu-share-horizontal wslu-theme-font-no wslu-main_content\">\n\n\t\t\n        <ul>\n\t\t\t        <\/ul>\n    <\/div>","protected":false},"excerpt":{"rendered":"<p>MENTIONS L\u00c9GALES SAS Odorem Villa 25 3\u00e8me \u00e9tage SCAT Urbam \u2013 Dakar, Capital de 1000000 cfa RCS Dakar SN DKR 2023B52037 T\u00e9l\u00e9phone : +221 77 748 92 92 Email : Formulaire de Contact N\u00b0TVA intracommunautaire : 010840636 2R5 Directeur de la publication : Mde Thian\u00e9 Ba \u00a0 Site Internet h\u00e9berg\u00e9 par : o2switch Op\u00e9rateur T\u00e9l\u00e9com d\u00e9clar\u00e9 ARCEP 09\/2989 \u2013 AS50474 Marque d\u00e9pos\u00e9e INPI : 09 3 645 279 Si\u00e8ge social : Clermond Ferrand \u2013 France Email : commercial@o2switch.fr \u00a0 Site Internet cr\u00e9\u00e9 par NotaBan\u00e9 Parfums \u00a0 Conditions g\u00e9n\u00e9rales d\u2019utilisation du site L\u2019utilisation de ce site est soumise aux Conditions G\u00e9n\u00e9rales de Vente . Avant toute utilisation du site, nous vous recommandons de les lire attentivement. Compte tenu des \u00e9volutions possibles du site, SAS Odorem se r\u00e9serve la possibilit\u00e9 de modifier \u00e0 tout moment ses conditions g\u00e9n\u00e9rales de vente. Les nouvelles Conditions G\u00e9n\u00e9rales de Vente seront disponibles en ligne sur le site de NotaBan\u00e9 Parfums et seront applicables d\u00e8s leur mise en ligne. Il appartient au client de v\u00e9rifier l\u2019existence de nouvelles clauses dans les Conditions G\u00e9n\u00e9rales de Vente \u00e0 chaque nouvelle connexion. \u00a0 Le Service Client est \u00e0 votre disposition : SAS Odorem \u2013 NotaBan\u00e9 Parfums Service Relation Clients<\/p>","protected":false},"author":1,"featured_media":0,"parent":0,"menu_order":0,"comment_status":"closed","ping_status":"closed","template":"","meta":{"ocean_post_layout":"","ocean_both_sidebars_style":"","ocean_both_sidebars_content_width":0,"ocean_both_sidebars_sidebars_width":0,"ocean_sidebar":"","ocean_second_sidebar":"","ocean_disable_margins":"enable","ocean_add_body_class":"","ocean_shortcode_before_top_bar":"","ocean_shortcode_after_top_bar":"","ocean_shortcode_before_header":"","ocean_shortcode_after_header":"","ocean_has_shortcode":"","ocean_shortcode_after_title":"","ocean_shortcode_before_footer_widgets":"","ocean_shortcode_after_footer_widgets":"","ocean_shortcode_before_footer_bottom":"","ocean_shortcode_after_footer_bottom":"","ocean_display_top_bar":"default","ocean_display_header":"default","ocean_header_style":"","ocean_center_header_left_menu":"","ocean_custom_header_template":"","ocean_custom_logo":0,"ocean_custom_retina_logo":0,"ocean_custom_logo_max_width":0,"ocean_custom_logo_tablet_max_width":0,"ocean_custom_logo_mobile_max_width":0,"ocean_custom_logo_max_height":0,"ocean_custom_logo_tablet_max_height":0,"ocean_custom_logo_mobile_max_height":0,"ocean_header_custom_menu":"","ocean_menu_typo_font_family":"","ocean_menu_typo_font_subset":"","ocean_menu_typo_font_size":0,"ocean_menu_typo_font_size_tablet":0,"ocean_menu_typo_font_size_mobile":0,"ocean_menu_typo_font_size_unit":"px","ocean_menu_typo_font_weight":"","ocean_menu_typo_font_weight_tablet":"","ocean_menu_typo_font_weight_mobile":"","ocean_menu_typo_transform":"","ocean_menu_typo_transform_tablet":"","ocean_menu_typo_transform_mobile":"","ocean_menu_typo_line_height":0,"ocean_menu_typo_line_height_tablet":0,"ocean_menu_typo_line_height_mobile":0,"ocean_menu_typo_line_height_unit":"","ocean_menu_typo_spacing":0,"ocean_menu_typo_spacing_tablet":0,"ocean_menu_typo_spacing_mobile":0,"ocean_menu_typo_spacing_unit":"","ocean_menu_link_color":"","ocean_menu_link_color_hover":"","ocean_menu_link_color_active":"","ocean_menu_link_background":"","ocean_menu_link_hover_background":"","ocean_menu_link_active_background":"","ocean_menu_social_links_bg":"","ocean_menu_social_hover_links_bg":"","ocean_menu_social_links_color":"","ocean_menu_social_hover_links_color":"","ocean_disable_title":"default","ocean_disable_heading":"default","ocean_post_title":"","ocean_post_subheading":"","ocean_post_title_style":"","ocean_post_title_background_color":"","ocean_post_title_background":0,"ocean_post_title_bg_image_position":"","ocean_post_title_bg_image_attachment":"","ocean_post_title_bg_image_repeat":"","ocean_post_title_bg_image_size":"","ocean_post_title_height":0,"ocean_post_title_bg_overlay":0.5,"ocean_post_title_bg_overlay_color":"","ocean_disable_breadcrumbs":"default","ocean_breadcrumbs_color":"","ocean_breadcrumbs_separator_color":"","ocean_breadcrumbs_links_color":"","ocean_breadcrumbs_links_hover_color":"","ocean_display_footer_widgets":"default","ocean_display_footer_bottom":"default","ocean_custom_footer_template":"","footnotes":""},"class_list":["post-444","page","type-page","status-publish","hentry","entry","owp-thumbs-layout-horizontal","owp-btn-normal","owp-tabs-layout-horizontal","has-no-thumbnails","has-product-nav"],"yoast_head":"<!-- This site is optimized with the Yoast SEO plugin v27.4 - https:\/\/yoast.com\/product\/yoast-seo-wordpress\/ -->\n<title>Mentions l\u00e9gales - NotaBan\u00e9 Parfums<\/title>\n<meta name=\"description\" content=\"Retrouvez ici la page des mentions l\u00e9gales du site internet www.notabane-parfums.com, parfumeur d&#039;exception.\" \/>\n<meta name=\"robots\" content=\"index, follow, max-snippet:-1, max-image-preview:large, max-video-preview:-1\" \/>\n<link rel=\"canonical\" href=\"https:\/\/www.notabane-parfums.com\/en\/mentions-legales\/\" \/>\n<meta property=\"og:locale\" content=\"en_GB\" \/>\n<meta property=\"og:type\" content=\"article\" \/>\n<meta property=\"og:title\" content=\"Mentions l\u00e9gales - NotaBan\u00e9 Parfums\" \/>\n<meta property=\"og:description\" content=\"Retrouvez ici la page des mentions l\u00e9gales du site internet www.notabane-parfums.com, parfumeur d&#039;exception.\" \/>\n<meta property=\"og:url\" content=\"https:\/\/www.notabane-parfums.com\/en\/mentions-legales\/\" \/>\n<meta property=\"og:site_name\" content=\"NotaBan\u00e9 Parfums\" \/>\n<meta property=\"article:publisher\" content=\"https:\/\/www.facebook.com\/profile.php?id=61558006292121\" \/>\n<meta property=\"article:modified_time\" content=\"2025-09-16T18:56:36+00:00\" \/>\n<meta name=\"twitter:card\" content=\"summary_large_image\" \/>\n<meta name=\"twitter:label1\" content=\"Estimated reading time\" \/>\n\t<meta name=\"twitter:data1\" content=\"1 minute\" \/>\n<script type=\"application\/ld+json\" class=\"yoast-schema-graph\">{\"@context\":\"https:\\\/\\\/schema.org\",\"@graph\":[{\"@type\":\"WebPage\",\"@id\":\"https:\\\/\\\/www.notabane-parfums.com\\\/mentions-legales\\\/\",\"url\":\"https:\\\/\\\/www.notabane-parfums.com\\\/mentions-legales\\\/\",\"name\":\"Mentions l\u00e9gales - NotaBan\u00e9 Parfums\",\"isPartOf\":{\"@id\":\"https:\\\/\\\/www.notabane-parfums.com\\\/#website\"},\"datePublished\":\"2024-06-11T04:12:26+00:00\",\"dateModified\":\"2025-09-16T18:56:36+00:00\",\"description\":\"Retrouvez ici la page des mentions l\u00e9gales du site internet www.notabane-parfums.com, parfumeur d'exception.\",\"breadcrumb\":{\"@id\":\"https:\\\/\\\/www.notabane-parfums.com\\\/mentions-legales\\\/#breadcrumb\"},\"inLanguage\":\"en-GB\",\"potentialAction\":[{\"@type\":\"ReadAction\",\"target\":[\"https:\\\/\\\/www.notabane-parfums.com\\\/mentions-legales\\\/\"]}]},{\"@type\":\"BreadcrumbList\",\"@id\":\"https:\\\/\\\/www.notabane-parfums.com\\\/mentions-legales\\\/#breadcrumb\",\"itemListElement\":[{\"@type\":\"ListItem\",\"position\":1,\"name\":\"Accueil\",\"item\":\"https:\\\/\\\/www.notabane-parfums.com\\\/\"},{\"@type\":\"ListItem\",\"position\":2,\"name\":\"Mentions l\u00e9gales\"}]},{\"@type\":\"WebSite\",\"@id\":\"https:\\\/\\\/www.notabane-parfums.com\\\/#website\",\"url\":\"https:\\\/\\\/www.notabane-parfums.com\\\/\",\"name\":\"NotaBan\u00e9 Parfums\",\"description\":\"Parfums d&#039;Exception inspir\u00e9s d&#039;Afrique\",\"publisher\":{\"@id\":\"https:\\\/\\\/www.notabane-parfums.com\\\/#organization\"},\"potentialAction\":[{\"@type\":\"SearchAction\",\"target\":{\"@type\":\"EntryPoint\",\"urlTemplate\":\"https:\\\/\\\/www.notabane-parfums.com\\\/?s={search_term_string}\"},\"query-input\":{\"@type\":\"PropertyValueSpecification\",\"valueRequired\":true,\"valueName\":\"search_term_string\"}}],\"inLanguage\":\"en-GB\"},{\"@type\":\"Organization\",\"@id\":\"https:\\\/\\\/www.notabane-parfums.com\\\/#organization\",\"name\":\"NotaBan\u00e9 Parfums\",\"url\":\"https:\\\/\\\/www.notabane-parfums.com\\\/\",\"logo\":{\"@type\":\"ImageObject\",\"inLanguage\":\"en-GB\",\"@id\":\"https:\\\/\\\/www.notabane-parfums.com\\\/#\\\/schema\\\/logo\\\/image\\\/\",\"url\":\"https:\\\/\\\/www.notabane-parfums.com\\\/wp-content\\\/uploads\\\/2024\\\/06\\\/cropped-LOGO-NOTABANE-2.png\",\"contentUrl\":\"https:\\\/\\\/www.notabane-parfums.com\\\/wp-content\\\/uploads\\\/2024\\\/06\\\/cropped-LOGO-NOTABANE-2.png\",\"width\":2197,\"height\":571,\"caption\":\"NotaBan\u00e9 Parfums\"},\"image\":{\"@id\":\"https:\\\/\\\/www.notabane-parfums.com\\\/#\\\/schema\\\/logo\\\/image\\\/\"},\"sameAs\":[\"https:\\\/\\\/www.facebook.com\\\/profile.php?id=61558006292121\"]}]}<\/script>\n<!-- \/ Yoast SEO plugin. -->","yoast_head_json":{"title":"Mentions l\u00e9gales - NotaBan\u00e9 Parfums","description":"Retrouvez ici la page des mentions l\u00e9gales du site internet www.notabane-parfums.com, parfumeur d'exception.","robots":{"index":"index","follow":"follow","max-snippet":"max-snippet:-1","max-image-preview":"max-image-preview:large","max-video-preview":"max-video-preview:-1"},"canonical":"https:\/\/www.notabane-parfums.com\/en\/mentions-legales\/","og_locale":"en_GB","og_type":"article","og_title":"Mentions l\u00e9gales - NotaBan\u00e9 Parfums","og_description":"Retrouvez ici la page des mentions l\u00e9gales du site internet www.notabane-parfums.com, parfumeur d'exception.","og_url":"https:\/\/www.notabane-parfums.com\/en\/mentions-legales\/","og_site_name":"NotaBan\u00e9 Parfums","article_publisher":"https:\/\/www.facebook.com\/profile.php?id=61558006292121","article_modified_time":"2025-09-16T18:56:36+00:00","twitter_card":"summary_large_image","twitter_misc":{"Estimated reading time":"1 minute"},"schema":{"@context":"https:\/\/schema.org","@graph":[{"@type":"WebPage","@id":"https:\/\/www.notabane-parfums.com\/mentions-legales\/","url":"https:\/\/www.notabane-parfums.com\/mentions-legales\/","name":"Mentions l\u00e9gales - NotaBan\u00e9 Parfums","isPartOf":{"@id":"https:\/\/www.notabane-parfums.com\/#website"},"datePublished":"2024-06-11T04:12:26+00:00","dateModified":"2025-09-16T18:56:36+00:00","description":"Retrouvez ici la page des mentions l\u00e9gales du site internet www.notabane-parfums.com, parfumeur d'exception.","breadcrumb":{"@id":"https:\/\/www.notabane-parfums.com\/mentions-legales\/#breadcrumb"},"inLanguage":"en-GB","potentialAction":[{"@type":"ReadAction","target":["https:\/\/www.notabane-parfums.com\/mentions-legales\/"]}]},{"@type":"BreadcrumbList","@id":"https:\/\/www.notabane-parfums.com\/mentions-legales\/#breadcrumb","itemListElement":[{"@type":"ListItem","position":1,"name":"Accueil","item":"https:\/\/www.notabane-parfums.com\/"},{"@type":"ListItem","position":2,"name":"Mentions l\u00e9gales"}]},{"@type":"WebSite","@id":"https:\/\/www.notabane-parfums.com\/#website","url":"https:\/\/www.notabane-parfums.com\/","name":"NotaBan\u00e9 Parfums","description":"Parfums d&#039;Exception inspir\u00e9s d&#039;Afrique","publisher":{"@id":"https:\/\/www.notabane-parfums.com\/#organization"},"potentialAction":[{"@type":"SearchAction","target":{"@type":"EntryPoint","urlTemplate":"https:\/\/www.notabane-parfums.com\/?s={search_term_string}"},"query-input":{"@type":"PropertyValueSpecification","valueRequired":true,"valueName":"search_term_string"}}],"inLanguage":"en-GB"},{"@type":"Organization","@id":"https:\/\/www.notabane-parfums.com\/#organization","name":"NotaBan\u00e9 Parfums","url":"https:\/\/www.notabane-parfums.com\/","logo":{"@type":"ImageObject","inLanguage":"en-GB","@id":"https:\/\/www.notabane-parfums.com\/#\/schema\/logo\/image\/","url":"https:\/\/www.notabane-parfums.com\/wp-content\/uploads\/2024\/06\/cropped-LOGO-NOTABANE-2.png","contentUrl":"https:\/\/www.notabane-parfums.com\/wp-content\/uploads\/2024\/06\/cropped-LOGO-NOTABANE-2.png","width":2197,"height":571,"caption":"NotaBan\u00e9 Parfums"},"image":{"@id":"https:\/\/www.notabane-parfums.com\/#\/schema\/logo\/image\/"},"sameAs":["https:\/\/www.facebook.com\/profile.php?id=61558006292121"]}]}},"_links":{"self":[{"href":"https:\/\/www.notabane-parfums.com\/en\/wp-json\/wp\/v2\/pages\/444","targetHints":{"allow":["GET"]}}],"collection":[{"href":"https:\/\/www.notabane-parfums.com\/en\/wp-json\/wp\/v2\/pages"}],"about":[{"href":"https:\/\/www.notabane-parfums.com\/en\/wp-json\/wp\/v2\/types\/page"}],"author":[{"embeddable":true,"href":"https:\/\/www.notabane-parfums.com\/en\/wp-json\/wp\/v2\/users\/1"}],"replies":[{"embeddable":true,"href":"https:\/\/www.notabane-parfums.com\/en\/wp-json\/wp\/v2\/comments?post=444"}],"version-history":[{"count":3,"href":"https:\/\/www.notabane-parfums.com\/en\/wp-json\/wp\/v2\/pages\/444\/revisions"}],"predecessor-version":[{"id":5293,"href":"https:\/\/www.notabane-parfums.com\/en\/wp-json\/wp\/v2\/pages\/444\/revisions\/5293"}],"wp:attachment":[{"href":"https:\/\/www.notabane-parfums.com\/en\/wp-json\/wp\/v2\/media?parent=444"}],"curies":[{"name":"wp","href":"https:\/\/api.w.org\/{rel}","templated":true}]}}