{"id":95,"date":"2016-04-25T13:53:38","date_gmt":"2016-04-25T13:53:38","guid":{"rendered":"https:\/\/oceanwp.org\/underwear\/product\/winsom-hipster-copy-5\/"},"modified":"2025-10-11T20:33:01","modified_gmt":"2025-10-11T20:33:01","slug":"signare-chic","status":"publish","type":"product","link":"https:\/\/www.notabane-parfums.com\/en\/product\/signare-chic\/","title":{"rendered":"SIGNARE CHIC"},"content":{"rendered":"<div data-elementor-type=\"wp-post\" data-elementor-id=\"648\" class=\"elementor elementor-648\">\n\t\t\t\t<div class=\"elementor-element elementor-element-6c6e459 e-con-full e-flex wpr-particle-no wpr-jarallax-no wpr-parallax-no wpr-sticky-section-no wpr-equal-height-no e-con e-parent\" data-id=\"6c6e459\" data-element_type=\"container\" data-e-type=\"container\">\n\t\t\t\t<div class=\"elementor-element elementor-element-2c7ed39 elementor-widget elementor-widget-image\" data-id=\"2c7ed39\" data-element_type=\"widget\" data-e-type=\"widget\" data-widget_type=\"image.default\">\n\t\t\t\t<div class=\"elementor-widget-container\">\n\t\t\t\t\t\t\t\t\t\t\t\t\t\t\t<img fetchpriority=\"high\" decoding=\"async\" width=\"768\" height=\"83\" src=\"https:\/\/www.notabane-parfums.com\/wp-content\/uploads\/2024\/06\/notesignare-768x83-1.png\" class=\"attachment-full size-full wp-image-1108\" alt=\"\" srcset=\"https:\/\/www.notabane-parfums.com\/wp-content\/uploads\/2024\/06\/notesignare-768x83-1.png 768w, https:\/\/www.notabane-parfums.com\/wp-content\/uploads\/2024\/06\/notesignare-768x83-1-390x42.png 390w, https:\/\/www.notabane-parfums.com\/wp-content\/uploads\/2024\/06\/notesignare-768x83-1-433x47.png 433w, https:\/\/www.notabane-parfums.com\/wp-content\/uploads\/2024\/06\/notesignare-768x83-1-300x32.png 300w\" sizes=\"(max-width: 768px) 100vw, 768px\" \/>\t\t\t\t\t\t\t\t\t\t\t\t\t\t\t<\/div>\n\t\t\t\t<\/div>\n\t\t\t\t<\/div>\n\t\t<div class=\"elementor-element elementor-element-9c84a2d e-flex e-con-boxed wpr-particle-no wpr-jarallax-no wpr-parallax-no wpr-sticky-section-no wpr-equal-height-no e-con e-parent\" data-id=\"9c84a2d\" data-element_type=\"container\" data-e-type=\"container\">\n\t\t\t\t\t<div class=\"e-con-inner\">\n\t\t<div class=\"elementor-element elementor-element-26079eb e-con-full e-flex wpr-particle-no wpr-jarallax-no wpr-parallax-no wpr-sticky-section-no wpr-equal-height-no e-con e-child\" data-id=\"26079eb\" data-element_type=\"container\" data-e-type=\"container\">\n\t\t\t\t<div class=\"elementor-element elementor-element-3ba5820 wpr-advanced-accordion-icon-no-box elementor-widget__width-inherit elementor-widget elementor-widget-wpr-advanced-accordion\" data-id=\"3ba5820\" data-element_type=\"widget\" data-e-type=\"widget\" data-settings=\"{&quot;active_item&quot;:0}\" data-widget_type=\"wpr-advanced-accordion.default\">\n\t\t\t\t<div class=\"elementor-widget-container\">\n\t\t\t\t\t\n            <div class=\"wpr-advanced-accordion\" data-accordion-type=\"accordion\" data-active-index=\"0\" data-accordion-trigger=\"click\" data-interaction-speed=\"0.4\">\n\n\t\t\t\n                \n\t\t\t\t\t<div class=\"wpr-accordion-item-wrap\">\n\t\t\t\t\t\t<button class=\"wpr-acc-button\">\n\t\t\t\t\t\t\t<span class=\"wpr-acc-item-title\">\n\t\t\t\t\t\t\t\t\t\t\t\t<span class=\"wpr-title-icon\">\n\t\t\t\t\t<i aria-hidden=\"true\" class=\"icon icon-file-2\"><\/i>\t\t\t\t<\/span>\n\t\t\t\n\t\t\t\t\t\t\t\t<span class=\"wpr-acc-title-text\">DESCRIPTION<\/span>\n\t\t\t\t\t\t\t<\/span>\n\t\t\t\t\t\t\t\t\t\t\t<span class=\"wpr-toggle-icon wpr-ti-close\"><\/span>\n\t\t\t\t<span class=\"wpr-toggle-icon wpr-ti-open\"><\/span>\n\t\t\t\t\t\t\t\t\t<\/button>\n\n\t\t\t\t\t\t<div class=\"wpr-acc-panel\">\n\t\t\t\t\t\t\t\t\t\t\t\t\t\t\t<div class=\"wpr-acc-panel-content\"><p style=\"text-align: left;\">Signare Chic est un parfum de caract\u00e8re, sensuel et raffin\u00e9 \u2014 <strong data-start=\"2142\" data-end=\"2219\">cr\u00e9\u00e9 pour les personnes qui n\u2019ont pas besoin d\u2019en faire trop pour tout captiver.<\/strong><\/p><p data-start=\"845\" data-end=\"1157\">\u00a0<\/p><p style=\"text-align: left;\" data-start=\"845\" data-end=\"1157\"><strong data-start=\"845\" data-end=\"860\">Ouverture :<\/strong><br data-start=\"860\" data-end=\"863\" \/>D\u00e8s les premi\u00e8res notes, la <strong data-start=\"891\" data-end=\"910\">fleur d\u2019oranger<\/strong> \u00e9claire la peau d\u2019une lumi\u00e8re douce et ensoleill\u00e9e, soutenue par une touche vibrante de <strong data-start=\"999\" data-end=\"1014\">baies roses<\/strong>.<br data-start=\"1015\" data-end=\"1018\" \/>C\u2019est une ouverture radieuse, \u00e0 la fois tendre et audacieuse \u2014 comme le sourire d\u2019une femme s\u00fbre d\u2019elle, entr\u00e9e dans la pi\u00e8ce avec gr\u00e2ce.<\/p><p data-start=\"1159\" data-end=\"1417\">\u00a0<\/p><p style=\"text-align: left;\" data-start=\"1159\" data-end=\"1417\"><strong data-start=\"1159\" data-end=\"1169\">C\u0153ur :<\/strong><br data-start=\"1169\" data-end=\"1172\" \/>Le <strong data-start=\"1175\" data-end=\"1185\">jasmin<\/strong> s\u2019unit au <strong data-start=\"1196\" data-end=\"1204\">caf\u00e9<\/strong>, cr\u00e9ant une dualit\u00e9 envo\u00fbtante : la d\u00e9licatesse florale rencontre la sensualit\u00e9 gourmande.<br data-start=\"1295\" data-end=\"1298\" \/>Ce c\u0153ur chaleureux \u00e9voque la peau, la soie, les bijoux anciens\u2026 une f\u00e9minit\u00e9 assum\u00e9e, fi\u00e8re et intens\u00e9ment d\u00e9sirable.<\/p><p data-start=\"1419\" data-end=\"1623\">\u00a0<\/p><p style=\"text-align: left;\" data-start=\"1419\" data-end=\"1623\"><strong data-start=\"1419\" data-end=\"1429\">Fond :<\/strong><br data-start=\"1429\" data-end=\"1432\" \/>En fond, la <strong data-start=\"1444\" data-end=\"1455\">vanille<\/strong>, le <strong data-start=\"1460\" data-end=\"1481\">bois de cachemire<\/strong> et le <strong data-start=\"1488\" data-end=\"1501\">patchouli<\/strong> forment un sillage luxueux, doux et persistant.<br data-start=\"1549\" data-end=\"1552\" \/>Une empreinte olfactive qui reste sur la peau \u2014 et dans les m\u00e9moires.<\/p><p data-start=\"1625\" data-end=\"1889\">\u00a0<\/p><p style=\"text-align: left;\" data-start=\"1625\" data-end=\"1889\"><strong data-start=\"1625\" data-end=\"1637\">Voyage :<\/strong><br data-start=\"1637\" data-end=\"1640\" \/><strong data-start=\"1640\" data-end=\"1656\">Signare Chic<\/strong> rend hommage \u00e0 ces femmes d\u2019exception, les Signares, symboles d\u2019\u00e9l\u00e9gance et de libert\u00e9.<br data-start=\"1744\" data-end=\"1747\" \/>Elles incarnaient l\u2019alliance parfaite du charme africain et du raffinement fran\u00e7ais, m\u00ealant tradition et modernit\u00e9 avec une gr\u00e2ce naturelle.<\/p><p style=\"text-align: left;\" data-start=\"1891\" data-end=\"2095\">Aujourd\u2019hui, ce parfum en prolonge l\u2019esprit : <strong data-start=\"1937\" data-end=\"2001\">un sillage de pouvoir, de douceur et de s\u00e9duction ma\u00eetris\u00e9e.<\/strong><br data-start=\"2001\" data-end=\"2004\" \/>Porter <strong data-start=\"2011\" data-end=\"2027\">Signare Chic<\/strong>, c\u2019est affirmer son style, sa confiance et sa lumi\u00e8re int\u00e9rieure.<\/p><p data-start=\"2097\" data-end=\"2221\">\u00a0<\/p><p style=\"text-align: justify;\">Add Signare Chic to your daily routine and elevate your style with a touch of timeless refinement.<\/p><p>\u00a0<\/p><p style=\"text-align: left;\">Disponible en :<br \/>10 mL \/ 0.33 fl.OZ<br \/>100 mL \/ 3.38 fl.OZ<\/p><\/div>\n\t\t\t\t\t\t\t\t\t\t\t\t\t<\/div>\n                    <\/div>\n\n                \n\t\t\t\t\t<div class=\"wpr-accordion-item-wrap\">\n\t\t\t\t\t\t<button class=\"wpr-acc-button\">\n\t\t\t\t\t\t\t<span class=\"wpr-acc-item-title\">\n\t\t\t\t\t\t\t\t\t\t\t\t<span class=\"wpr-title-icon\">\n\t\t\t\t\t<i aria-hidden=\"true\" class=\"icon icon-heart1\"><\/i>\t\t\t\t<\/span>\n\t\t\t\n\t\t\t\t\t\t\t\t<span class=\"wpr-acc-title-text\">OLFACTORY NOTES<\/span>\n\t\t\t\t\t\t\t<\/span>\n\t\t\t\t\t\t\t\t\t\t\t<span class=\"wpr-toggle-icon wpr-ti-close\"><\/span>\n\t\t\t\t<span class=\"wpr-toggle-icon wpr-ti-open\"><\/span>\n\t\t\t\t\t\t\t\t\t<\/button>\n\n\t\t\t\t\t\t<div class=\"wpr-acc-panel\">\n\t\t\t\t\t\t\t\t\t\t\t\t\t\t\t<div class=\"wpr-acc-panel-content\"><p style=\"text-align: center;\"><strong>Top notes :<\/strong>\u00a0Orange Blossom, Pink Berries<\/p><p><img decoding=\"async\" class=\"wp-image-1099 aligncenter\" src=\"https:\/\/www.notabane-parfums.com\/wp-content\/uploads\/2024\/06\/notetetesignare-300x115-1.png\" alt=\"\" width=\"130\" height=\"50\" srcset=\"https:\/\/www.notabane-parfums.com\/wp-content\/uploads\/2024\/06\/notetetesignare-300x115-1.png 300w, https:\/\/www.notabane-parfums.com\/wp-content\/uploads\/2024\/06\/notetetesignare-300x115-1-265x102.png 265w\" sizes=\"(max-width: 130px) 100vw, 130px\" \/><\/p><p style=\"text-align: center;\"><strong>Heart notes :\u00a0<\/strong>Jasmine, Coffee<\/p><p><img decoding=\"async\" class=\"wp-image-1100 aligncenter\" src=\"https:\/\/www.notabane-parfums.com\/wp-content\/uploads\/2024\/06\/notecoeursignare-300x128-1.png\" alt=\"\" width=\"117\" height=\"50\" srcset=\"https:\/\/www.notabane-parfums.com\/wp-content\/uploads\/2024\/06\/notecoeursignare-300x128-1.png 300w, https:\/\/www.notabane-parfums.com\/wp-content\/uploads\/2024\/06\/notecoeursignare-300x128-1-265x113.png 265w\" sizes=\"(max-width: 117px) 100vw, 117px\" \/><\/p><p style=\"text-align: center;\"><strong>Background note:\u00a0<\/strong>Vanilla, Cashmere Wood, Patchouli<\/p><p><img loading=\"lazy\" decoding=\"async\" class=\"wp-image-1104 aligncenter\" src=\"https:\/\/www.notabane-parfums.com\/wp-content\/uploads\/2024\/06\/notefondsignare-300x75-1.png\" alt=\"\" width=\"208\" height=\"52\" srcset=\"https:\/\/www.notabane-parfums.com\/wp-content\/uploads\/2024\/06\/notefondsignare-300x75-1.png 300w, https:\/\/www.notabane-parfums.com\/wp-content\/uploads\/2024\/06\/notefondsignare-300x75-1-265x66.png 265w\" sizes=\"(max-width: 208px) 100vw, 208px\" \/><\/p><\/div>\n\t\t\t\t\t\t\t\t\t\t\t\t\t<\/div>\n                    <\/div>\n\n                \n\t\t\t\t\t<div class=\"wpr-accordion-item-wrap\">\n\t\t\t\t\t\t<button class=\"wpr-acc-button\">\n\t\t\t\t\t\t\t<span class=\"wpr-acc-item-title\">\n\t\t\t\t\t\t\t\t\t\t\t\t<span class=\"wpr-title-icon\">\n\t\t\t\t\t<i aria-hidden=\"true\" class=\"icon icon-list1\"><\/i>\t\t\t\t<\/span>\n\t\t\t\n\t\t\t\t\t\t\t\t<span class=\"wpr-acc-title-text\">INGREDIENTS<\/span>\n\t\t\t\t\t\t\t<\/span>\n\t\t\t\t\t\t\t\t\t\t\t<span class=\"wpr-toggle-icon wpr-ti-close\"><\/span>\n\t\t\t\t<span class=\"wpr-toggle-icon wpr-ti-open\"><\/span>\n\t\t\t\t\t\t\t\t\t<\/button>\n\n\t\t\t\t\t\t<div class=\"wpr-acc-panel\">\n\t\t\t\t\t\t\t\t\t\t\t\t\t\t\t<div class=\"wpr-acc-panel-content\"><p style=\"text-align: justify;\">ALCOHOL \u25cf PARFUM (FRAGRANCE) \u25cf AQUA (WATER) \u25cf BENZYL SALICYLATE \u25cf CINNAMYL ALCOHOL \u25cf CITRONELLOL \u25cf GERANIOL \u25cf HEXYL CINNAMAL \u25cf HYDROXYCITRONELLAL \u25cf LIMONENE \u25cf LINALOOL \u25cf<\/p><p style=\"text-align: justify;\">Our ingredient lists are regularly updated. We invite you to always read the list of ingredients located on the packaging of your product before using it.<\/p><\/div>\n\t\t\t\t\t\t\t\t\t\t\t\t\t<\/div>\n                    <\/div>\n\n                \n\t\t\t\t\t<div class=\"wpr-accordion-item-wrap\">\n\t\t\t\t\t\t<button class=\"wpr-acc-button\">\n\t\t\t\t\t\t\t<span class=\"wpr-acc-item-title\">\n\t\t\t\t\t\t\t\t\t\t\t\t<span class=\"wpr-title-icon\">\n\t\t\t\t\t<i aria-hidden=\"true\" class=\"icon icon-warning\"><\/i>\t\t\t\t<\/span>\n\t\t\t\n\t\t\t\t\t\t\t\t<span class=\"wpr-acc-title-text\">USAGE TIPS<\/span>\n\t\t\t\t\t\t\t<\/span>\n\t\t\t\t\t\t\t\t\t\t\t<span class=\"wpr-toggle-icon wpr-ti-close\"><\/span>\n\t\t\t\t<span class=\"wpr-toggle-icon wpr-ti-open\"><\/span>\n\t\t\t\t\t\t\t\t\t<\/button>\n\n\t\t\t\t\t\t<div class=\"wpr-acc-panel\">\n\t\t\t\t\t\t\t\t\t\t\t\t\t\t\t<div class=\"wpr-acc-panel-content\"><p style=\"text-align: justify;\">The heat from your body intensifies the scent. For a more pronounced and long-lasting fragrance, spray Signare Chic on the pulse points: neck, wrists and in the folds of the knees and elbows.<\/p><p style=\"text-align: justify;\">After application, avoid rubbing or dabbing the skin, as this could alter the composition of the perfume and reduce its staying power.<\/p><p style=\"text-align: justify;\">If you prefer to apply perfume to your wrists, consider reapplying after washing your hands often, as this may remove the perfume more quickly.<\/p><\/div>\n\t\t\t\t\t\t\t\t\t\t\t\t\t<\/div>\n                    <\/div>\n\n                            <\/div>\n        \t\t\t\t<\/div>\n\t\t\t\t<\/div>\n\t\t\t\t<\/div>\n\t\t\t\t\t<\/div>\n\t\t\t\t<\/div>\n\t\t\t\t<\/div>\n\t\t\n\n    <div class=\"xs_social_share_widget xs_share_url after_content \t\tmain_content  wslu-style-1 wslu-share-box-shaped wslu-fill-colored wslu-none wslu-share-horizontal wslu-theme-font-no wslu-main_content\">\n\n\t\t\n        <ul>\n\t\t\t        <\/ul>\n    <\/div>","protected":false},"excerpt":{"rendered":"<p style=\"text-align: justify;\"><strong data-start=\"449\" data-end=\"465\">Signare Chic<\/strong> capture l\u2019essence d\u2019une f\u00e9minit\u00e9 noble et irr\u00e9sistible.<br data-start=\"521\" data-end=\"524\" \/>Inspir\u00e9 des femmes Signares, ic\u00f4nes de raffinement et de s\u00e9duction, ce parfum laisse un sillage d\u00e9licieusement addictif, pour celles qui s\u00e9duisent sans jamais forcer.<\/p>\n<p>&nbsp;<\/p>","protected":false},"featured_media":1428,"comment_status":"open","ping_status":"closed","template":"","meta":{"ocean_post_layout":"","ocean_both_sidebars_style":"","ocean_both_sidebars_content_width":0,"ocean_both_sidebars_sidebars_width":0,"ocean_sidebar":"0","ocean_second_sidebar":"0","ocean_disable_margins":"enable","ocean_add_body_class":"","ocean_shortcode_before_top_bar":"","ocean_shortcode_after_top_bar":"","ocean_shortcode_before_header":"","ocean_shortcode_after_header":"","ocean_has_shortcode":"","ocean_shortcode_after_title":"","ocean_shortcode_before_footer_widgets":"","ocean_shortcode_after_footer_widgets":"","ocean_shortcode_before_footer_bottom":"","ocean_shortcode_after_footer_bottom":"","ocean_display_top_bar":"default","ocean_display_header":"default","ocean_header_style":"","ocean_center_header_left_menu":"0","ocean_custom_header_template":"0","ocean_custom_logo":0,"ocean_custom_retina_logo":0,"ocean_custom_logo_max_width":0,"ocean_custom_logo_tablet_max_width":0,"ocean_custom_logo_mobile_max_width":0,"ocean_custom_logo_max_height":0,"ocean_custom_logo_tablet_max_height":0,"ocean_custom_logo_mobile_max_height":0,"ocean_header_custom_menu":"0","ocean_menu_typo_font_family":"0","ocean_menu_typo_font_subset":"","ocean_menu_typo_font_size":0,"ocean_menu_typo_font_size_tablet":0,"ocean_menu_typo_font_size_mobile":0,"ocean_menu_typo_font_size_unit":"px","ocean_menu_typo_font_weight":"","ocean_menu_typo_font_weight_tablet":"","ocean_menu_typo_font_weight_mobile":"","ocean_menu_typo_transform":"","ocean_menu_typo_transform_tablet":"","ocean_menu_typo_transform_mobile":"","ocean_menu_typo_line_height":0,"ocean_menu_typo_line_height_tablet":0,"ocean_menu_typo_line_height_mobile":0,"ocean_menu_typo_line_height_unit":"","ocean_menu_typo_spacing":0,"ocean_menu_typo_spacing_tablet":0,"ocean_menu_typo_spacing_mobile":0,"ocean_menu_typo_spacing_unit":"","ocean_menu_link_color":"","ocean_menu_link_color_hover":"","ocean_menu_link_color_active":"","ocean_menu_link_background":"","ocean_menu_link_hover_background":"","ocean_menu_link_active_background":"","ocean_menu_social_links_bg":"","ocean_menu_social_hover_links_bg":"","ocean_menu_social_links_color":"","ocean_menu_social_hover_links_color":"","ocean_disable_title":"default","ocean_disable_heading":"on","ocean_post_title":"","ocean_post_subheading":"","ocean_post_title_style":"","ocean_post_title_background_color":"","ocean_post_title_background":0,"ocean_post_title_bg_image_position":"","ocean_post_title_bg_image_attachment":"","ocean_post_title_bg_image_repeat":"","ocean_post_title_bg_image_size":"","ocean_post_title_height":0,"ocean_post_title_bg_overlay":0.5,"ocean_post_title_bg_overlay_color":"","ocean_disable_breadcrumbs":"default","ocean_breadcrumbs_color":"","ocean_breadcrumbs_separator_color":"","ocean_breadcrumbs_links_color":"","ocean_breadcrumbs_links_hover_color":"","ocean_display_footer_widgets":"default","ocean_display_footer_bottom":"default","ocean_custom_footer_template":"0"},"product_brand":[],"product_cat":[25],"product_tag":[],"class_list":{"0":"post-95","1":"product","2":"type-product","3":"status-publish","4":"has-post-thumbnail","6":"product_cat-eau-de-parfum","8":"entry","9":"has-media","11":"first","12":"instock","13":"taxable","14":"shipping-taxable","15":"purchasable","16":"product-type-variable","17":"has-rating","18":"has-product-nav","19":"col","20":"span_1_of_3","21":"owp-content-center","22":"owp-thumbs-layout-horizontal","23":"owp-btn-normal","24":"owp-tabs-layout-horizontal"},"yoast_head":"<!-- This site is optimized with the Yoast SEO plugin v27.4 - https:\/\/yoast.com\/product\/yoast-seo-wordpress\/ -->\n<title>SIGNARE CHIC - NotaBan\u00e9 Parfums<\/title>\n<meta name=\"robots\" content=\"index, follow, max-snippet:-1, max-image-preview:large, max-video-preview:-1\" \/>\n<link rel=\"canonical\" href=\"https:\/\/www.notabane-parfums.com\/en\/product\/signare-chic\/\" \/>\n<meta property=\"og:locale\" content=\"en_GB\" \/>\n<meta property=\"og:type\" content=\"article\" \/>\n<meta property=\"og:title\" content=\"SIGNARE CHIC - NotaBan\u00e9 Parfums\" \/>\n<meta property=\"og:description\" content=\"Signare Chic capture l\u2019essence d\u2019une f\u00e9minit\u00e9 noble et irr\u00e9sistible.Inspir\u00e9 des femmes Signares, ic\u00f4nes de raffinement et de s\u00e9duction, ce parfum laisse un sillage d\u00e9licieusement addictif, pour celles qui s\u00e9duisent sans jamais forcer. &nbsp;\" \/>\n<meta property=\"og:url\" content=\"https:\/\/www.notabane-parfums.com\/en\/product\/signare-chic\/\" \/>\n<meta property=\"og:site_name\" content=\"NotaBan\u00e9 Parfums\" \/>\n<meta property=\"article:publisher\" content=\"https:\/\/www.facebook.com\/profile.php?id=61558006292121\" \/>\n<meta property=\"article:modified_time\" content=\"2025-10-11T20:33:01+00:00\" \/>\n<meta property=\"og:image\" content=\"https:\/\/www.notabane-parfums.com\/wp-content\/uploads\/2016\/04\/signare-1.jpg\" \/>\n\t<meta property=\"og:image:width\" content=\"800\" \/>\n\t<meta property=\"og:image:height\" content=\"800\" \/>\n\t<meta property=\"og:image:type\" content=\"image\/jpeg\" \/>\n<meta name=\"twitter:card\" content=\"summary_large_image\" \/>\n<meta name=\"twitter:label1\" content=\"Estimated reading time\" \/>\n\t<meta name=\"twitter:data1\" content=\"1 minute\" \/>\n<script type=\"application\/ld+json\" class=\"yoast-schema-graph\">{\"@context\":\"https:\\\/\\\/schema.org\",\"@graph\":[{\"@type\":\"WebPage\",\"@id\":\"https:\\\/\\\/www.notabane-parfums.com\\\/produit\\\/signare-chic\\\/\",\"url\":\"https:\\\/\\\/www.notabane-parfums.com\\\/produit\\\/signare-chic\\\/\",\"name\":\"SIGNARE CHIC - NotaBan\u00e9 Parfums\",\"isPartOf\":{\"@id\":\"https:\\\/\\\/www.notabane-parfums.com\\\/#website\"},\"primaryImageOfPage\":{\"@id\":\"https:\\\/\\\/www.notabane-parfums.com\\\/produit\\\/signare-chic\\\/#primaryimage\"},\"image\":{\"@id\":\"https:\\\/\\\/www.notabane-parfums.com\\\/produit\\\/signare-chic\\\/#primaryimage\"},\"thumbnailUrl\":\"https:\\\/\\\/www.notabane-parfums.com\\\/wp-content\\\/uploads\\\/2016\\\/04\\\/signare-1.jpg\",\"datePublished\":\"2016-04-25T13:53:38+00:00\",\"dateModified\":\"2025-10-11T20:33:01+00:00\",\"breadcrumb\":{\"@id\":\"https:\\\/\\\/www.notabane-parfums.com\\\/produit\\\/signare-chic\\\/#breadcrumb\"},\"inLanguage\":\"en-GB\",\"potentialAction\":[{\"@type\":\"ReadAction\",\"target\":[\"https:\\\/\\\/www.notabane-parfums.com\\\/produit\\\/signare-chic\\\/\"]}]},{\"@type\":\"ImageObject\",\"inLanguage\":\"en-GB\",\"@id\":\"https:\\\/\\\/www.notabane-parfums.com\\\/produit\\\/signare-chic\\\/#primaryimage\",\"url\":\"https:\\\/\\\/www.notabane-parfums.com\\\/wp-content\\\/uploads\\\/2016\\\/04\\\/signare-1.jpg\",\"contentUrl\":\"https:\\\/\\\/www.notabane-parfums.com\\\/wp-content\\\/uploads\\\/2016\\\/04\\\/signare-1.jpg\",\"width\":800,\"height\":800},{\"@type\":\"BreadcrumbList\",\"@id\":\"https:\\\/\\\/www.notabane-parfums.com\\\/produit\\\/signare-chic\\\/#breadcrumb\",\"itemListElement\":[{\"@type\":\"ListItem\",\"position\":1,\"name\":\"Accueil\",\"item\":\"https:\\\/\\\/www.notabane-parfums.com\\\/\"},{\"@type\":\"ListItem\",\"position\":2,\"name\":\"Shop\",\"item\":\"https:\\\/\\\/www.notabane-parfums.com\\\/shop\\\/\"},{\"@type\":\"ListItem\",\"position\":3,\"name\":\"SIGNARE CHIC\"}]},{\"@type\":\"WebSite\",\"@id\":\"https:\\\/\\\/www.notabane-parfums.com\\\/#website\",\"url\":\"https:\\\/\\\/www.notabane-parfums.com\\\/\",\"name\":\"NotaBan\u00e9 Parfums\",\"description\":\"Parfums d&#039;Exception inspir\u00e9s d&#039;Afrique\",\"publisher\":{\"@id\":\"https:\\\/\\\/www.notabane-parfums.com\\\/#organization\"},\"potentialAction\":[{\"@type\":\"SearchAction\",\"target\":{\"@type\":\"EntryPoint\",\"urlTemplate\":\"https:\\\/\\\/www.notabane-parfums.com\\\/?s={search_term_string}\"},\"query-input\":{\"@type\":\"PropertyValueSpecification\",\"valueRequired\":true,\"valueName\":\"search_term_string\"}}],\"inLanguage\":\"en-GB\"},{\"@type\":\"Organization\",\"@id\":\"https:\\\/\\\/www.notabane-parfums.com\\\/#organization\",\"name\":\"NotaBan\u00e9 Parfums\",\"url\":\"https:\\\/\\\/www.notabane-parfums.com\\\/\",\"logo\":{\"@type\":\"ImageObject\",\"inLanguage\":\"en-GB\",\"@id\":\"https:\\\/\\\/www.notabane-parfums.com\\\/#\\\/schema\\\/logo\\\/image\\\/\",\"url\":\"https:\\\/\\\/www.notabane-parfums.com\\\/wp-content\\\/uploads\\\/2024\\\/06\\\/cropped-LOGO-NOTABANE-2.png\",\"contentUrl\":\"https:\\\/\\\/www.notabane-parfums.com\\\/wp-content\\\/uploads\\\/2024\\\/06\\\/cropped-LOGO-NOTABANE-2.png\",\"width\":2197,\"height\":571,\"caption\":\"NotaBan\u00e9 Parfums\"},\"image\":{\"@id\":\"https:\\\/\\\/www.notabane-parfums.com\\\/#\\\/schema\\\/logo\\\/image\\\/\"},\"sameAs\":[\"https:\\\/\\\/www.facebook.com\\\/profile.php?id=61558006292121\"]}]}<\/script>\n<!-- \/ Yoast SEO plugin. -->","yoast_head_json":{"title":"SIGNARE CHIC - NotaBan\u00e9 Parfums","robots":{"index":"index","follow":"follow","max-snippet":"max-snippet:-1","max-image-preview":"max-image-preview:large","max-video-preview":"max-video-preview:-1"},"canonical":"https:\/\/www.notabane-parfums.com\/en\/product\/signare-chic\/","og_locale":"en_GB","og_type":"article","og_title":"SIGNARE CHIC - NotaBan\u00e9 Parfums","og_description":"Signare Chic capture l\u2019essence d\u2019une f\u00e9minit\u00e9 noble et irr\u00e9sistible.Inspir\u00e9 des femmes Signares, ic\u00f4nes de raffinement et de s\u00e9duction, ce parfum laisse un sillage d\u00e9licieusement addictif, pour celles qui s\u00e9duisent sans jamais forcer. &nbsp;","og_url":"https:\/\/www.notabane-parfums.com\/en\/product\/signare-chic\/","og_site_name":"NotaBan\u00e9 Parfums","article_publisher":"https:\/\/www.facebook.com\/profile.php?id=61558006292121","article_modified_time":"2025-10-11T20:33:01+00:00","og_image":[{"width":800,"height":800,"url":"https:\/\/www.notabane-parfums.com\/wp-content\/uploads\/2016\/04\/signare-1.jpg","type":"image\/jpeg"}],"twitter_card":"summary_large_image","twitter_misc":{"Estimated reading time":"1 minute"},"schema":{"@context":"https:\/\/schema.org","@graph":[{"@type":"WebPage","@id":"https:\/\/www.notabane-parfums.com\/produit\/signare-chic\/","url":"https:\/\/www.notabane-parfums.com\/produit\/signare-chic\/","name":"SIGNARE CHIC - NotaBan\u00e9 Parfums","isPartOf":{"@id":"https:\/\/www.notabane-parfums.com\/#website"},"primaryImageOfPage":{"@id":"https:\/\/www.notabane-parfums.com\/produit\/signare-chic\/#primaryimage"},"image":{"@id":"https:\/\/www.notabane-parfums.com\/produit\/signare-chic\/#primaryimage"},"thumbnailUrl":"https:\/\/www.notabane-parfums.com\/wp-content\/uploads\/2016\/04\/signare-1.jpg","datePublished":"2016-04-25T13:53:38+00:00","dateModified":"2025-10-11T20:33:01+00:00","breadcrumb":{"@id":"https:\/\/www.notabane-parfums.com\/produit\/signare-chic\/#breadcrumb"},"inLanguage":"en-GB","potentialAction":[{"@type":"ReadAction","target":["https:\/\/www.notabane-parfums.com\/produit\/signare-chic\/"]}]},{"@type":"ImageObject","inLanguage":"en-GB","@id":"https:\/\/www.notabane-parfums.com\/produit\/signare-chic\/#primaryimage","url":"https:\/\/www.notabane-parfums.com\/wp-content\/uploads\/2016\/04\/signare-1.jpg","contentUrl":"https:\/\/www.notabane-parfums.com\/wp-content\/uploads\/2016\/04\/signare-1.jpg","width":800,"height":800},{"@type":"BreadcrumbList","@id":"https:\/\/www.notabane-parfums.com\/produit\/signare-chic\/#breadcrumb","itemListElement":[{"@type":"ListItem","position":1,"name":"Accueil","item":"https:\/\/www.notabane-parfums.com\/"},{"@type":"ListItem","position":2,"name":"Shop","item":"https:\/\/www.notabane-parfums.com\/shop\/"},{"@type":"ListItem","position":3,"name":"SIGNARE CHIC"}]},{"@type":"WebSite","@id":"https:\/\/www.notabane-parfums.com\/#website","url":"https:\/\/www.notabane-parfums.com\/","name":"NotaBan\u00e9 Parfums","description":"Parfums d&#039;Exception inspir\u00e9s d&#039;Afrique","publisher":{"@id":"https:\/\/www.notabane-parfums.com\/#organization"},"potentialAction":[{"@type":"SearchAction","target":{"@type":"EntryPoint","urlTemplate":"https:\/\/www.notabane-parfums.com\/?s={search_term_string}"},"query-input":{"@type":"PropertyValueSpecification","valueRequired":true,"valueName":"search_term_string"}}],"inLanguage":"en-GB"},{"@type":"Organization","@id":"https:\/\/www.notabane-parfums.com\/#organization","name":"NotaBan\u00e9 Parfums","url":"https:\/\/www.notabane-parfums.com\/","logo":{"@type":"ImageObject","inLanguage":"en-GB","@id":"https:\/\/www.notabane-parfums.com\/#\/schema\/logo\/image\/","url":"https:\/\/www.notabane-parfums.com\/wp-content\/uploads\/2024\/06\/cropped-LOGO-NOTABANE-2.png","contentUrl":"https:\/\/www.notabane-parfums.com\/wp-content\/uploads\/2024\/06\/cropped-LOGO-NOTABANE-2.png","width":2197,"height":571,"caption":"NotaBan\u00e9 Parfums"},"image":{"@id":"https:\/\/www.notabane-parfums.com\/#\/schema\/logo\/image\/"},"sameAs":["https:\/\/www.facebook.com\/profile.php?id=61558006292121"]}]}},"_links":{"self":[{"href":"https:\/\/www.notabane-parfums.com\/en\/wp-json\/wp\/v2\/product\/95","targetHints":{"allow":["GET"]}}],"collection":[{"href":"https:\/\/www.notabane-parfums.com\/en\/wp-json\/wp\/v2\/product"}],"about":[{"href":"https:\/\/www.notabane-parfums.com\/en\/wp-json\/wp\/v2\/types\/product"}],"replies":[{"embeddable":true,"href":"https:\/\/www.notabane-parfums.com\/en\/wp-json\/wp\/v2\/comments?post=95"}],"version-history":[{"count":6,"href":"https:\/\/www.notabane-parfums.com\/en\/wp-json\/wp\/v2\/product\/95\/revisions"}],"predecessor-version":[{"id":6346,"href":"https:\/\/www.notabane-parfums.com\/en\/wp-json\/wp\/v2\/product\/95\/revisions\/6346"}],"wp:featuredmedia":[{"embeddable":true,"href":"https:\/\/www.notabane-parfums.com\/en\/wp-json\/wp\/v2\/media\/1428"}],"wp:attachment":[{"href":"https:\/\/www.notabane-parfums.com\/en\/wp-json\/wp\/v2\/media?parent=95"}],"wp:term":[{"taxonomy":"product_brand","embeddable":true,"href":"https:\/\/www.notabane-parfums.com\/en\/wp-json\/wp\/v2\/product_brand?post=95"},{"taxonomy":"product_cat","embeddable":true,"href":"https:\/\/www.notabane-parfums.com\/en\/wp-json\/wp\/v2\/product_cat?post=95"},{"taxonomy":"product_tag","embeddable":true,"href":"https:\/\/www.notabane-parfums.com\/en\/wp-json\/wp\/v2\/product_tag?post=95"}],"curies":[{"name":"wp","href":"https:\/\/api.w.org\/{rel}","templated":true}]}}